{"id":1159,"date":"2019-04-02T15:49:15","date_gmt":"2019-04-02T13:49:15","guid":{"rendered":"https:\/\/missionlocaleduchinonais.fr\/?page_id=1159"},"modified":"2019-05-10T13:40:14","modified_gmt":"2019-05-10T11:40:14","slug":"recherche-demploi","status":"publish","type":"page","link":"https:\/\/missionlocaleduchinonais.fr\/index.php\/recherche-demploi\/","title":{"rendered":"Recherche d&#8217;emploi"},"content":{"rendered":"<p>[et_pb_section bb_built=\u00a0\u00bb1&Prime; fullwidth=\u00a0\u00bbon\u00a0\u00bb _builder_version=\u00a0\u00bb3.0.47&Prime; next_background_color=\u00a0\u00bb#000000&Prime; inner_width=\u00a0\u00bbauto\u00a0\u00bb inner_max_width=\u00a0\u00bbnone\u00a0\u00bb][\/et_pb_section][et_pb_section bb_built=\u00a0\u00bb1&Prime; _builder_version=\u00a0\u00bb3.19.18&Prime; prev_background_color=\u00a0\u00bb#ffffff\u00a0\u00bb next_background_color=\u00a0\u00bb#ffffff\u00a0\u00bb use_background_color_gradient=\u00a0\u00bbon\u00a0\u00bb background_color_gradient_start=\u00a0\u00bb#a3195b\u00a0\u00bb background_color_gradient_end=\u00a0\u00bb#ffffff\u00a0\u00bb background_color_gradient_direction=\u00a0\u00bb137deg\u00a0\u00bb background_color_gradient_end_position=\u00a0\u00bb70%\u00a0\u00bb inner_width=\u00a0\u00bbauto\u00a0\u00bb inner_max_width=\u00a0\u00bbnone\u00a0\u00bb][et_pb_row _builder_version=\u00a0\u00bb3.19.18&Prime; background_size=\u00a0\u00bbinitial\u00a0\u00bb background_position=\u00a0\u00bbtop_left\u00a0\u00bb background_repeat=\u00a0\u00bbrepeat\u00a0\u00bb custom_padding=\u00a0\u00bb16px|0px|9px|0px|false|false\u00a0\u00bb width=\u00a0\u00bb80%\u00a0\u00bb max_width=\u00a0\u00bb1080px\u00a0\u00bb][et_pb_column type=\u00a0\u00bb1_2&Prime;][et_pb_text _builder_version=\u00a0\u00bb3.19.18&Prime; header_font=\u00a0\u00bbAndika|700|||||||\u00a0\u00bb header_font_size=\u00a0\u00bb40px\u00a0\u00bb]<\/p>\n<h1><span style=\"color: #ffffff;\">#RECHERCHE D&rsquo;EMPLOI<\/span><\/h1>\n<p>[\/et_pb_text][\/et_pb_column][et_pb_column type=\u00a0\u00bb1_2&Prime;][\/et_pb_column][\/et_pb_row][\/et_pb_section][et_pb_section bb_built=\u00a0\u00bb1&Prime; _builder_version=\u00a0\u00bb3.22.4&Prime; background_color=\u00a0\u00bb#ffffff\u00a0\u00bb prev_background_color=\u00a0\u00bb#ffffff\u00a0\u00bb background_image=\u00a0\u00bbhttps:\/\/missionlocaleduchinonais.fr\/wp-content\/uploads\/2019\/05\/emploi-jeunes.png\u00a0\u00bb background_size=\u00a0\u00bbinitial\u00a0\u00bb background_position=\u00a0\u00bbbottom_left\u00a0\u00bb inner_width_tablet=\u00a0\u00bb50px\u00a0\u00bb inner_max_width_tablet=\u00a0\u00bb50px\u00a0\u00bb z_index_tablet=\u00a0\u00bb500&Prime;][et_pb_row _builder_version=\u00a0\u00bb3.0.48&Prime; background_size=\u00a0\u00bbinitial\u00a0\u00bb background_position=\u00a0\u00bbtop_left\u00a0\u00bb background_repeat=\u00a0\u00bbrepeat\u00a0\u00bb width=\u00a0\u00bb80%\u00a0\u00bb max_width=\u00a0\u00bb1080px\u00a0\u00bb][et_pb_column type=\u00a0\u00bb1_2&Prime;][et_pb_text _builder_version=\u00a0\u00bb3.22.4&Prime; text_text_shadow_horizontal_length=\u00a0\u00bbtext_text_shadow_style,%91object Object%93&Prime; text_text_shadow_vertical_length=\u00a0\u00bbtext_text_shadow_style,%91object Object%93&Prime; text_text_shadow_blur_strength=\u00a0\u00bbtext_text_shadow_style,%91object Object%93&Prime; link_text_shadow_horizontal_length=\u00a0\u00bblink_text_shadow_style,%91object Object%93&Prime; link_text_shadow_vertical_length=\u00a0\u00bblink_text_shadow_style,%91object Object%93&Prime; link_text_shadow_blur_strength=\u00a0\u00bblink_text_shadow_style,%91object Object%93&Prime; ul_text_shadow_horizontal_length=\u00a0\u00bbul_text_shadow_style,%91object Object%93&Prime; ul_text_shadow_vertical_length=\u00a0\u00bbul_text_shadow_style,%91object Object%93&Prime; ul_text_shadow_blur_strength=\u00a0\u00bbul_text_shadow_style,%91object Object%93&Prime; ol_text_shadow_horizontal_length=\u00a0\u00bbol_text_shadow_style,%91object Object%93&Prime; ol_text_shadow_vertical_length=\u00a0\u00bbol_text_shadow_style,%91object Object%93&Prime; ol_text_shadow_blur_strength=\u00a0\u00bbol_text_shadow_style,%91object Object%93&Prime; quote_text_shadow_horizontal_length=\u00a0\u00bbquote_text_shadow_style,%91object Object%93&Prime; quote_text_shadow_vertical_length=\u00a0\u00bbquote_text_shadow_style,%91object Object%93&Prime; quote_text_shadow_blur_strength=\u00a0\u00bbquote_text_shadow_style,%91object Object%93&Prime; header_text_shadow_horizontal_length=\u00a0\u00bbheader_text_shadow_style,%91object Object%93&Prime; header_text_shadow_vertical_length=\u00a0\u00bbheader_text_shadow_style,%91object Object%93&Prime; header_text_shadow_blur_strength=\u00a0\u00bbheader_text_shadow_style,%91object Object%93&Prime; header_2_text_shadow_horizontal_length=\u00a0\u00bbheader_2_text_shadow_style,%91object Object%93&Prime; header_2_text_shadow_vertical_length=\u00a0\u00bbheader_2_text_shadow_style,%91object Object%93&Prime; header_2_text_shadow_blur_strength=\u00a0\u00bbheader_2_text_shadow_style,%91object Object%93&Prime; header_3_text_shadow_horizontal_length=\u00a0\u00bbheader_3_text_shadow_style,%91object Object%93&Prime; header_3_text_shadow_vertical_length=\u00a0\u00bbheader_3_text_shadow_style,%91object Object%93&Prime; header_3_text_shadow_blur_strength=\u00a0\u00bbheader_3_text_shadow_style,%91object Object%93&Prime; header_4_text_shadow_horizontal_length=\u00a0\u00bbheader_4_text_shadow_style,%91object Object%93&Prime; header_4_text_shadow_vertical_length=\u00a0\u00bbheader_4_text_shadow_style,%91object Object%93&Prime; header_4_text_shadow_blur_strength=\u00a0\u00bbheader_4_text_shadow_style,%91object Object%93&Prime; header_5_text_shadow_horizontal_length=\u00a0\u00bbheader_5_text_shadow_style,%91object Object%93&Prime; header_5_text_shadow_vertical_length=\u00a0\u00bbheader_5_text_shadow_style,%91object Object%93&Prime; header_5_text_shadow_blur_strength=\u00a0\u00bbheader_5_text_shadow_style,%91object Object%93&Prime; header_6_text_shadow_horizontal_length=\u00a0\u00bbheader_6_text_shadow_style,%91object Object%93&Prime; header_6_text_shadow_vertical_length=\u00a0\u00bbheader_6_text_shadow_style,%91object Object%93&Prime; header_6_text_shadow_blur_strength=\u00a0\u00bbheader_6_text_shadow_style,%91object Object%93&Prime; z_index_tablet=\u00a0\u00bb500&Prime;]<\/p>\n<p><span style=\"color: #a3195b;\"><strong style=\"font-family: times new roman; font-size: 18px;\">\u00ab\u00a0Besoin d\u2019aide pour avancer dans vos d\u00e9marches ?\u00a0\u00bb<\/strong><\/span><\/p>\n<p>Les conseillers vous accompagnent selon vos projets.<\/p>\n<p>&nbsp;<\/p>\n<p style=\"padding-left: 40px;\"><span style=\"color: #a3195b;\">#<\/span><strong>Orientation<\/strong> pour vous aider \u00e0 trouver un m\u00e9tier<\/p>\n<p style=\"padding-left: 40px;\"><span style=\"color: #a3195b;\">#<\/span>Aide pour votre <strong>CV<\/strong><\/p>\n<p style=\"padding-left: 40px;\"><span style=\"color: #a3195b;\">#<\/span>Information sur les diff\u00e9rents <strong>contrats de travail<\/strong><\/p>\n<p style=\"padding-left: 40px;\"><span style=\"color: #a3195b;\">#<\/span>Recherche d\u2019<strong>offres d\u2019emploi<\/strong><\/p>\n<p>&nbsp;<\/p>\n<p>N&rsquo;h\u00e9sitez pas \u00e0 contacter la Mission Locale au <span style=\"color: #a3195b; font-size: 23px;\"><strong>02.47.93.30.40 <\/strong><\/span>ou \u00e0\u00a0<a href=\"https:\/\/missionlocaleduchinonais.fr\/index.php\/contact\/\">#prendre contact<\/a>\u00a0!<\/p>\n<p>&nbsp;<\/p>\n<p>Des ordinateurs sont \u00e0 votre disposition en acc\u00e8s libre sur les horaires de la structure pour mieux r\u00e9pondre \u00e0 vos besoins.<\/p>\n<p>[\/et_pb_text][\/et_pb_column][et_pb_column type=\u00a0\u00bb1_2&Prime;][et_pb_image _builder_version=\u00a0\u00bb3.19.18&Prime; src=\u00a0\u00bbhttps:\/\/missionlocaleduchinonais.fr\/wp-content\/uploads\/2019\/04\/recherche-emploi.jpg\u00a0\u00bb border_width_all=\u00a0\u00bb3px\u00a0\u00bb border_color_all=\u00a0\u00bb#a3195b\u00a0\u00bb box_shadow_style=\u00a0\u00bbpreset1&Prime; \/][\/et_pb_column][\/et_pb_row][et_pb_row][et_pb_column type=\u00a0\u00bb4_4&Prime;][et_pb_button _builder_version=\u00a0\u00bb3.19.18&Prime; button_text=\u00a0\u00bbAccueil\u00a0\u00bb button_url=\u00a0\u00bbhttps:\/\/missionlocaleduchinonais.fr\/\u00a0\u00bb button_alignment=\u00a0\u00bbright\u00a0\u00bb \/][\/et_pb_column][\/et_pb_row][\/et_pb_section]<\/p>\n","protected":false},"excerpt":{"rendered":"<p>#RECHERCHE D&rsquo;EMPLOI \u00ab\u00a0Besoin d\u2019aide pour avancer dans vos d\u00e9marches ?\u00a0\u00bb Les conseillers vous accompagnent selon vos projets. &nbsp; #Orientation pour vous aider \u00e0 trouver un m\u00e9tier #Aide pour votre CV #Information sur les diff\u00e9rents contrats de travail #Recherche d\u2019offres d\u2019emploi &nbsp; N&rsquo;h\u00e9sitez pas \u00e0 contacter la Mission Locale au 02.47.93.30.40 ou \u00e0\u00a0#prendre contact\u00a0! &nbsp; Des [&hellip;]<\/p>\n","protected":false},"author":1,"featured_media":0,"parent":0,"menu_order":3,"comment_status":"closed","ping_status":"closed","template":"","meta":{"_et_pb_use_builder":"on","_et_pb_old_content":"","_et_gb_content_width":"","_exactmetrics_skip_tracking":false,"_exactmetrics_sitenote_active":false,"_exactmetrics_sitenote_note":"","_exactmetrics_sitenote_category":0,"footnotes":""},"class_list":["post-1159","page","type-page","status-publish","hentry"],"yoast_head":"<!-- This site is optimized with the Yoast SEO plugin v26.6 - https:\/\/yoast.com\/wordpress\/plugins\/seo\/ -->\n<title>Recherche d&#039;emploi - Mission Locale du Chinonais<\/title>\n<meta name=\"description\" content=\"La Mission Locale du Chinonais propose aux jeunes chinonais de 16 \u00e0 25 ans, non scolaris\u00e9s, un accompagnement dans la recherche d&#039;emploi.\" \/>\n<meta name=\"robots\" content=\"index, follow, max-snippet:-1, max-image-preview:large, max-video-preview:-1\" \/>\n<link rel=\"canonical\" href=\"https:\/\/missionlocaleduchinonais.fr\/index.php\/recherche-demploi\/\" \/>\n<meta property=\"og:locale\" content=\"fr_FR\" \/>\n<meta property=\"og:type\" content=\"article\" \/>\n<meta property=\"og:title\" content=\"Recherche d&#039;emploi - Mission Locale du Chinonais\" \/>\n<meta property=\"og:description\" content=\"La Mission Locale du Chinonais propose aux jeunes chinonais de 16 \u00e0 25 ans, non scolaris\u00e9s, un accompagnement dans la recherche d&#039;emploi.\" \/>\n<meta property=\"og:url\" content=\"https:\/\/missionlocaleduchinonais.fr\/index.php\/recherche-demploi\/\" \/>\n<meta property=\"og:site_name\" content=\"Mission Locale du Chinonais\" \/>\n<meta property=\"article:modified_time\" content=\"2019-05-10T11:40:14+00:00\" \/>\n<meta name=\"twitter:card\" content=\"summary_large_image\" \/>\n<meta name=\"twitter:label1\" content=\"Dur\u00e9e de lecture estim\u00e9e\" \/>\n\t<meta name=\"twitter:data1\" content=\"4 minutes\" \/>\n<script type=\"application\/ld+json\" class=\"yoast-schema-graph\">{\"@context\":\"https:\/\/schema.org\",\"@graph\":[{\"@type\":\"WebPage\",\"@id\":\"https:\/\/missionlocaleduchinonais.fr\/index.php\/recherche-demploi\/\",\"url\":\"https:\/\/missionlocaleduchinonais.fr\/index.php\/recherche-demploi\/\",\"name\":\"Recherche d'emploi - Mission Locale du Chinonais\",\"isPartOf\":{\"@id\":\"https:\/\/missionlocaleduchinonais.fr\/#website\"},\"datePublished\":\"2019-04-02T13:49:15+00:00\",\"dateModified\":\"2019-05-10T11:40:14+00:00\",\"description\":\"La Mission Locale du Chinonais propose aux jeunes chinonais de 16 \u00e0 25 ans, non scolaris\u00e9s, un accompagnement dans la recherche d'emploi.\",\"breadcrumb\":{\"@id\":\"https:\/\/missionlocaleduchinonais.fr\/index.php\/recherche-demploi\/#breadcrumb\"},\"inLanguage\":\"fr-FR\",\"potentialAction\":[{\"@type\":\"ReadAction\",\"target\":[\"https:\/\/missionlocaleduchinonais.fr\/index.php\/recherche-demploi\/\"]}]},{\"@type\":\"BreadcrumbList\",\"@id\":\"https:\/\/missionlocaleduchinonais.fr\/index.php\/recherche-demploi\/#breadcrumb\",\"itemListElement\":[{\"@type\":\"ListItem\",\"position\":1,\"name\":\"Accueil\",\"item\":\"https:\/\/missionlocaleduchinonais.fr\/\"},{\"@type\":\"ListItem\",\"position\":2,\"name\":\"Recherche d&#8217;emploi\"}]},{\"@type\":\"WebSite\",\"@id\":\"https:\/\/missionlocaleduchinonais.fr\/#website\",\"url\":\"https:\/\/missionlocaleduchinonais.fr\/\",\"name\":\"Mission Locale du Chinonais\",\"description\":\"Mission Locale du Chinonais\",\"potentialAction\":[{\"@type\":\"SearchAction\",\"target\":{\"@type\":\"EntryPoint\",\"urlTemplate\":\"https:\/\/missionlocaleduchinonais.fr\/?s={search_term_string}\"},\"query-input\":{\"@type\":\"PropertyValueSpecification\",\"valueRequired\":true,\"valueName\":\"search_term_string\"}}],\"inLanguage\":\"fr-FR\"}]}<\/script>\n<!-- \/ Yoast SEO plugin. -->","yoast_head_json":{"title":"Recherche d'emploi - Mission Locale du Chinonais","description":"La Mission Locale du Chinonais propose aux jeunes chinonais de 16 \u00e0 25 ans, non scolaris\u00e9s, un accompagnement dans la recherche d'emploi.","robots":{"index":"index","follow":"follow","max-snippet":"max-snippet:-1","max-image-preview":"max-image-preview:large","max-video-preview":"max-video-preview:-1"},"canonical":"https:\/\/missionlocaleduchinonais.fr\/index.php\/recherche-demploi\/","og_locale":"fr_FR","og_type":"article","og_title":"Recherche d'emploi - Mission Locale du Chinonais","og_description":"La Mission Locale du Chinonais propose aux jeunes chinonais de 16 \u00e0 25 ans, non scolaris\u00e9s, un accompagnement dans la recherche d'emploi.","og_url":"https:\/\/missionlocaleduchinonais.fr\/index.php\/recherche-demploi\/","og_site_name":"Mission Locale du Chinonais","article_modified_time":"2019-05-10T11:40:14+00:00","twitter_card":"summary_large_image","twitter_misc":{"Dur\u00e9e de lecture estim\u00e9e":"4 minutes"},"schema":{"@context":"https:\/\/schema.org","@graph":[{"@type":"WebPage","@id":"https:\/\/missionlocaleduchinonais.fr\/index.php\/recherche-demploi\/","url":"https:\/\/missionlocaleduchinonais.fr\/index.php\/recherche-demploi\/","name":"Recherche d'emploi - Mission Locale du Chinonais","isPartOf":{"@id":"https:\/\/missionlocaleduchinonais.fr\/#website"},"datePublished":"2019-04-02T13:49:15+00:00","dateModified":"2019-05-10T11:40:14+00:00","description":"La Mission Locale du Chinonais propose aux jeunes chinonais de 16 \u00e0 25 ans, non scolaris\u00e9s, un accompagnement dans la recherche d'emploi.","breadcrumb":{"@id":"https:\/\/missionlocaleduchinonais.fr\/index.php\/recherche-demploi\/#breadcrumb"},"inLanguage":"fr-FR","potentialAction":[{"@type":"ReadAction","target":["https:\/\/missionlocaleduchinonais.fr\/index.php\/recherche-demploi\/"]}]},{"@type":"BreadcrumbList","@id":"https:\/\/missionlocaleduchinonais.fr\/index.php\/recherche-demploi\/#breadcrumb","itemListElement":[{"@type":"ListItem","position":1,"name":"Accueil","item":"https:\/\/missionlocaleduchinonais.fr\/"},{"@type":"ListItem","position":2,"name":"Recherche d&#8217;emploi"}]},{"@type":"WebSite","@id":"https:\/\/missionlocaleduchinonais.fr\/#website","url":"https:\/\/missionlocaleduchinonais.fr\/","name":"Mission Locale du Chinonais","description":"Mission Locale du Chinonais","potentialAction":[{"@type":"SearchAction","target":{"@type":"EntryPoint","urlTemplate":"https:\/\/missionlocaleduchinonais.fr\/?s={search_term_string}"},"query-input":{"@type":"PropertyValueSpecification","valueRequired":true,"valueName":"search_term_string"}}],"inLanguage":"fr-FR"}]}},"_links":{"self":[{"href":"https:\/\/missionlocaleduchinonais.fr\/index.php\/wp-json\/wp\/v2\/pages\/1159","targetHints":{"allow":["GET"]}}],"collection":[{"href":"https:\/\/missionlocaleduchinonais.fr\/index.php\/wp-json\/wp\/v2\/pages"}],"about":[{"href":"https:\/\/missionlocaleduchinonais.fr\/index.php\/wp-json\/wp\/v2\/types\/page"}],"author":[{"embeddable":true,"href":"https:\/\/missionlocaleduchinonais.fr\/index.php\/wp-json\/wp\/v2\/users\/1"}],"replies":[{"embeddable":true,"href":"https:\/\/missionlocaleduchinonais.fr\/index.php\/wp-json\/wp\/v2\/comments?post=1159"}],"version-history":[{"count":14,"href":"https:\/\/missionlocaleduchinonais.fr\/index.php\/wp-json\/wp\/v2\/pages\/1159\/revisions"}],"predecessor-version":[{"id":1499,"href":"https:\/\/missionlocaleduchinonais.fr\/index.php\/wp-json\/wp\/v2\/pages\/1159\/revisions\/1499"}],"wp:attachment":[{"href":"https:\/\/missionlocaleduchinonais.fr\/index.php\/wp-json\/wp\/v2\/media?parent=1159"}],"curies":[{"name":"wp","href":"https:\/\/api.w.org\/{rel}","templated":true}]}}