{"id":1207,"date":"2019-04-09T14:15:24","date_gmt":"2019-04-09T12:15:24","guid":{"rendered":"https:\/\/missionlocaleduchinonais.fr\/?page_id=1207"},"modified":"2019-05-10T14:11:27","modified_gmt":"2019-05-10T12:11:27","slug":"citoyennete-2","status":"publish","type":"page","link":"https:\/\/missionlocaleduchinonais.fr\/index.php\/citoyennete-2\/","title":{"rendered":"Citoyennet\u00e9"},"content":{"rendered":"<p>[et_pb_section bb_built=\u00a0\u00bb1&Prime; fullwidth=\u00a0\u00bbon\u00a0\u00bb _builder_version=\u00a0\u00bb3.0.47&Prime; next_background_color=\u00a0\u00bb#000000&Prime; inner_width=\u00a0\u00bbauto\u00a0\u00bb inner_max_width=\u00a0\u00bbnone\u00a0\u00bb][\/et_pb_section][et_pb_section bb_built=\u00a0\u00bb1&Prime; _builder_version=\u00a0\u00bb3.19.18&Prime; prev_background_color=\u00a0\u00bb#ffffff\u00a0\u00bb next_background_color=\u00a0\u00bb#ffffff\u00a0\u00bb use_background_color_gradient=\u00a0\u00bbon\u00a0\u00bb background_color_gradient_start=\u00a0\u00bb#d60b52&Prime; background_color_gradient_end=\u00a0\u00bb#ffffff\u00a0\u00bb background_color_gradient_direction=\u00a0\u00bb137deg\u00a0\u00bb background_color_gradient_end_position=\u00a0\u00bb70%\u00a0\u00bb inner_width=\u00a0\u00bbauto\u00a0\u00bb inner_max_width=\u00a0\u00bbnone\u00a0\u00bb][et_pb_row _builder_version=\u00a0\u00bb3.19.18&Prime; background_size=\u00a0\u00bbinitial\u00a0\u00bb background_position=\u00a0\u00bbtop_left\u00a0\u00bb background_repeat=\u00a0\u00bbrepeat\u00a0\u00bb custom_padding=\u00a0\u00bb16px|0px|9px|0px|false|false\u00a0\u00bb width=\u00a0\u00bb80%\u00a0\u00bb max_width=\u00a0\u00bb1080px\u00a0\u00bb][et_pb_column type=\u00a0\u00bb1_2&Prime;][et_pb_text _builder_version=\u00a0\u00bb3.19.18&Prime; header_font=\u00a0\u00bbAndika|700|||||||\u00a0\u00bb header_font_size=\u00a0\u00bb40px\u00a0\u00bb]<\/p>\n<h1><span style=\"color: #ffffff;\">#CITOYENNET\u00c9<\/span><\/h1>\n<p>[\/et_pb_text][\/et_pb_column][et_pb_column type=\u00a0\u00bb1_2&Prime;][\/et_pb_column][\/et_pb_row][\/et_pb_section][et_pb_section bb_built=\u00a0\u00bb1&Prime; _builder_version=\u00a0\u00bb3.22.4&Prime; background_color=\u00a0\u00bb#ffffff\u00a0\u00bb prev_background_color=\u00a0\u00bb#ffffff\u00a0\u00bb background_image=\u00a0\u00bbhttps:\/\/missionlocaleduchinonais.fr\/wp-content\/uploads\/2019\/05\/logement-chinon.png\u00a0\u00bb background_size=\u00a0\u00bbinitial\u00a0\u00bb background_position=\u00a0\u00bbbottom_left\u00a0\u00bb inner_width_tablet=\u00a0\u00bb50px\u00a0\u00bb inner_max_width_tablet=\u00a0\u00bb50px\u00a0\u00bb z_index_tablet=\u00a0\u00bb500&Prime;][et_pb_row _builder_version=\u00a0\u00bb3.0.48&Prime; background_size=\u00a0\u00bbinitial\u00a0\u00bb background_position=\u00a0\u00bbtop_left\u00a0\u00bb background_repeat=\u00a0\u00bbrepeat\u00a0\u00bb width=\u00a0\u00bb80%\u00a0\u00bb max_width=\u00a0\u00bb1080px\u00a0\u00bb][et_pb_column type=\u00a0\u00bb1_2&Prime;][et_pb_text _builder_version=\u00a0\u00bb3.22.4&Prime; text_text_shadow_horizontal_length=\u00a0\u00bbtext_text_shadow_style,%91object Object%93&Prime; text_text_shadow_vertical_length=\u00a0\u00bbtext_text_shadow_style,%91object Object%93&Prime; text_text_shadow_blur_strength=\u00a0\u00bbtext_text_shadow_style,%91object Object%93&Prime; link_text_shadow_horizontal_length=\u00a0\u00bblink_text_shadow_style,%91object Object%93&Prime; link_text_shadow_vertical_length=\u00a0\u00bblink_text_shadow_style,%91object Object%93&Prime; link_text_shadow_blur_strength=\u00a0\u00bblink_text_shadow_style,%91object Object%93&Prime; ul_text_shadow_horizontal_length=\u00a0\u00bbul_text_shadow_style,%91object Object%93&Prime; ul_text_shadow_vertical_length=\u00a0\u00bbul_text_shadow_style,%91object Object%93&Prime; ul_text_shadow_blur_strength=\u00a0\u00bbul_text_shadow_style,%91object Object%93&Prime; ol_text_shadow_horizontal_length=\u00a0\u00bbol_text_shadow_style,%91object Object%93&Prime; ol_text_shadow_vertical_length=\u00a0\u00bbol_text_shadow_style,%91object Object%93&Prime; ol_text_shadow_blur_strength=\u00a0\u00bbol_text_shadow_style,%91object Object%93&Prime; quote_text_shadow_horizontal_length=\u00a0\u00bbquote_text_shadow_style,%91object Object%93&Prime; quote_text_shadow_vertical_length=\u00a0\u00bbquote_text_shadow_style,%91object Object%93&Prime; quote_text_shadow_blur_strength=\u00a0\u00bbquote_text_shadow_style,%91object Object%93&Prime; header_text_shadow_horizontal_length=\u00a0\u00bbheader_text_shadow_style,%91object Object%93&Prime; header_text_shadow_vertical_length=\u00a0\u00bbheader_text_shadow_style,%91object Object%93&Prime; header_text_shadow_blur_strength=\u00a0\u00bbheader_text_shadow_style,%91object Object%93&Prime; header_2_text_shadow_horizontal_length=\u00a0\u00bbheader_2_text_shadow_style,%91object Object%93&Prime; header_2_text_shadow_vertical_length=\u00a0\u00bbheader_2_text_shadow_style,%91object Object%93&Prime; header_2_text_shadow_blur_strength=\u00a0\u00bbheader_2_text_shadow_style,%91object Object%93&Prime; header_3_text_shadow_horizontal_length=\u00a0\u00bbheader_3_text_shadow_style,%91object Object%93&Prime; header_3_text_shadow_vertical_length=\u00a0\u00bbheader_3_text_shadow_style,%91object Object%93&Prime; header_3_text_shadow_blur_strength=\u00a0\u00bbheader_3_text_shadow_style,%91object Object%93&Prime; header_4_text_shadow_horizontal_length=\u00a0\u00bbheader_4_text_shadow_style,%91object Object%93&Prime; header_4_text_shadow_vertical_length=\u00a0\u00bbheader_4_text_shadow_style,%91object Object%93&Prime; header_4_text_shadow_blur_strength=\u00a0\u00bbheader_4_text_shadow_style,%91object Object%93&Prime; header_5_text_shadow_horizontal_length=\u00a0\u00bbheader_5_text_shadow_style,%91object Object%93&Prime; header_5_text_shadow_vertical_length=\u00a0\u00bbheader_5_text_shadow_style,%91object Object%93&Prime; header_5_text_shadow_blur_strength=\u00a0\u00bbheader_5_text_shadow_style,%91object Object%93&Prime; header_6_text_shadow_horizontal_length=\u00a0\u00bbheader_6_text_shadow_style,%91object Object%93&Prime; header_6_text_shadow_vertical_length=\u00a0\u00bbheader_6_text_shadow_style,%91object Object%93&Prime; header_6_text_shadow_blur_strength=\u00a0\u00bbheader_6_text_shadow_style,%91object Object%93&Prime; z_index_tablet=\u00a0\u00bb500&Prime;]<\/p>\n<p><span style=\"color: #d60b52;\"><strong style=\"font-family: times new roman; font-size: 18px;\">\u00ab\u00a0Aujourd\u2019hui, la <a href=\"https:\/\/www.vie-publique.fr\/th\/glossaire\/citoyennete.html\" target=\"_blank\" rel=\"noopener noreferrer\">citoyennet\u00e9<\/a> ne se d\u00e9finit pas seulement d\u2019un point de vue juridique, <strong>la citoyennet\u00e9 se d\u00e9finit aussi comme une participation \u00e0 la vie de la cit\u00e9 !<\/strong>\u00ab\u00a0<\/strong><\/span><\/p>\n<p>&nbsp;<\/p>\n<p>&nbsp;<\/p>\n<p><strong>Les conseillers vous informent sur les activit\u00e9s culturelles, sportives\u2026\u00a0:<\/strong><\/p>\n<p style=\"padding-left: 40px;\"><span style=\"color: #d60b52;\">#<\/span>Pourquoi et comment se faire recenser\u00a0?<\/p>\n<p style=\"padding-left: 40px;\"><span style=\"color: #d60b52;\">#<\/span>Quelles sont les associations sur le chinonais\u00a0?<\/p>\n<p style=\"padding-left: 40px;\"><span style=\"color: #d60b52;\">#<\/span>Qu\u2019est-ce que le Service Civique\u00a0?<\/p>\n<p>&nbsp;<\/p>\n<p>N&rsquo;h\u00e9sitez pas \u00e0 contacter la Mission Locale au <span style=\"color: #d60b52; font-size: 23px;\"><strong>02.47.93.30.40 <\/strong><\/span>ou \u00e0 <a href=\"https:\/\/missionlocaleduchinonais.fr\/index.php\/contact\/\">#prendre contact<\/a>\u00a0!<\/p>\n<p>[\/et_pb_text][\/et_pb_column][et_pb_column type=\u00a0\u00bb1_2&Prime;][et_pb_image _builder_version=\u00a0\u00bb3.19.18&Prime; src=\u00a0\u00bbhttps:\/\/missionlocaleduchinonais.fr\/wp-content\/uploads\/2019\/04\/loisirs-jeunes.jpg\u00a0\u00bb border_width_all=\u00a0\u00bb3px\u00a0\u00bb border_color_all=\u00a0\u00bb#d60b52&Prime; box_shadow_style=\u00a0\u00bbpreset1&Prime; \/][\/et_pb_column][\/et_pb_row][et_pb_row _builder_version=\u00a0\u00bb3.19.18&Prime; width=\u00a0\u00bb80%\u00a0\u00bb max_width=\u00a0\u00bb1080px\u00a0\u00bb][et_pb_column type=\u00a0\u00bb4_4&Prime;][et_pb_button _builder_version=\u00a0\u00bb3.19.18&Prime; button_text=\u00a0\u00bbAccueil\u00a0\u00bb button_url=\u00a0\u00bbhttps:\/\/missionlocaleduchinonais.fr\/\u00a0\u00bb button_alignment=\u00a0\u00bbright\u00a0\u00bb \/][\/et_pb_column][\/et_pb_row][\/et_pb_section]<\/p>\n","protected":false},"excerpt":{"rendered":"<p>#CITOYENNET\u00c9 \u00ab\u00a0Aujourd\u2019hui, la citoyennet\u00e9 ne se d\u00e9finit pas seulement d\u2019un point de vue juridique, la citoyennet\u00e9 se d\u00e9finit aussi comme une participation \u00e0 la vie de la cit\u00e9 !\u00a0\u00bb &nbsp; &nbsp; Les conseillers vous informent sur les activit\u00e9s culturelles, sportives\u2026\u00a0: #Pourquoi et comment se faire recenser\u00a0? #Quelles sont les associations sur le chinonais\u00a0? #Qu\u2019est-ce que [&hellip;]<\/p>\n","protected":false},"author":1,"featured_media":0,"parent":0,"menu_order":8,"comment_status":"closed","ping_status":"closed","template":"","meta":{"_et_pb_use_builder":"on","_et_pb_old_content":"","_et_gb_content_width":"","_exactmetrics_skip_tracking":false,"_exactmetrics_sitenote_active":false,"_exactmetrics_sitenote_note":"","_exactmetrics_sitenote_category":0,"footnotes":""},"class_list":["post-1207","page","type-page","status-publish","hentry"],"yoast_head":"<!-- This site is optimized with the Yoast SEO plugin v26.6 - https:\/\/yoast.com\/wordpress\/plugins\/seo\/ -->\n<title>Parlons de Citoyennet\u00e9 - Mission Locale du Chinonais<\/title>\n<meta name=\"description\" content=\"La citoyennet\u00e9 se d\u00e9finit comme une participation \u00e0 la vie de la cit\u00e9 ! Les conseillers vous informent sur les activit\u00e9s culturelles, sportives...\" \/>\n<meta name=\"robots\" content=\"index, follow, max-snippet:-1, max-image-preview:large, max-video-preview:-1\" \/>\n<link rel=\"canonical\" href=\"https:\/\/missionlocaleduchinonais.fr\/index.php\/citoyennete-2\/\" \/>\n<meta property=\"og:locale\" content=\"fr_FR\" \/>\n<meta property=\"og:type\" content=\"article\" \/>\n<meta property=\"og:title\" content=\"Parlons de Citoyennet\u00e9 - Mission Locale du Chinonais\" \/>\n<meta property=\"og:description\" content=\"La citoyennet\u00e9 se d\u00e9finit comme une participation \u00e0 la vie de la cit\u00e9 ! Les conseillers vous informent sur les activit\u00e9s culturelles, sportives...\" \/>\n<meta property=\"og:url\" content=\"https:\/\/missionlocaleduchinonais.fr\/index.php\/citoyennete-2\/\" \/>\n<meta property=\"og:site_name\" content=\"Mission Locale du Chinonais\" \/>\n<meta property=\"article:modified_time\" content=\"2019-05-10T12:11:27+00:00\" \/>\n<meta name=\"twitter:card\" content=\"summary_large_image\" \/>\n<meta name=\"twitter:label1\" content=\"Dur\u00e9e de lecture estim\u00e9e\" \/>\n\t<meta name=\"twitter:data1\" content=\"4 minutes\" \/>\n<script type=\"application\/ld+json\" class=\"yoast-schema-graph\">{\"@context\":\"https:\/\/schema.org\",\"@graph\":[{\"@type\":\"WebPage\",\"@id\":\"https:\/\/missionlocaleduchinonais.fr\/index.php\/citoyennete-2\/\",\"url\":\"https:\/\/missionlocaleduchinonais.fr\/index.php\/citoyennete-2\/\",\"name\":\"Parlons de Citoyennet\u00e9 - Mission Locale du Chinonais\",\"isPartOf\":{\"@id\":\"https:\/\/missionlocaleduchinonais.fr\/#website\"},\"datePublished\":\"2019-04-09T12:15:24+00:00\",\"dateModified\":\"2019-05-10T12:11:27+00:00\",\"description\":\"La citoyennet\u00e9 se d\u00e9finit comme une participation \u00e0 la vie de la cit\u00e9 ! Les conseillers vous informent sur les activit\u00e9s culturelles, sportives...\",\"breadcrumb\":{\"@id\":\"https:\/\/missionlocaleduchinonais.fr\/index.php\/citoyennete-2\/#breadcrumb\"},\"inLanguage\":\"fr-FR\",\"potentialAction\":[{\"@type\":\"ReadAction\",\"target\":[\"https:\/\/missionlocaleduchinonais.fr\/index.php\/citoyennete-2\/\"]}]},{\"@type\":\"BreadcrumbList\",\"@id\":\"https:\/\/missionlocaleduchinonais.fr\/index.php\/citoyennete-2\/#breadcrumb\",\"itemListElement\":[{\"@type\":\"ListItem\",\"position\":1,\"name\":\"Accueil\",\"item\":\"https:\/\/missionlocaleduchinonais.fr\/\"},{\"@type\":\"ListItem\",\"position\":2,\"name\":\"Citoyennet\u00e9\"}]},{\"@type\":\"WebSite\",\"@id\":\"https:\/\/missionlocaleduchinonais.fr\/#website\",\"url\":\"https:\/\/missionlocaleduchinonais.fr\/\",\"name\":\"Mission Locale du Chinonais\",\"description\":\"Mission Locale du Chinonais\",\"potentialAction\":[{\"@type\":\"SearchAction\",\"target\":{\"@type\":\"EntryPoint\",\"urlTemplate\":\"https:\/\/missionlocaleduchinonais.fr\/?s={search_term_string}\"},\"query-input\":{\"@type\":\"PropertyValueSpecification\",\"valueRequired\":true,\"valueName\":\"search_term_string\"}}],\"inLanguage\":\"fr-FR\"}]}<\/script>\n<!-- \/ Yoast SEO plugin. -->","yoast_head_json":{"title":"Parlons de Citoyennet\u00e9 - Mission Locale du Chinonais","description":"La citoyennet\u00e9 se d\u00e9finit comme une participation \u00e0 la vie de la cit\u00e9 ! Les conseillers vous informent sur les activit\u00e9s culturelles, sportives...","robots":{"index":"index","follow":"follow","max-snippet":"max-snippet:-1","max-image-preview":"max-image-preview:large","max-video-preview":"max-video-preview:-1"},"canonical":"https:\/\/missionlocaleduchinonais.fr\/index.php\/citoyennete-2\/","og_locale":"fr_FR","og_type":"article","og_title":"Parlons de Citoyennet\u00e9 - Mission Locale du Chinonais","og_description":"La citoyennet\u00e9 se d\u00e9finit comme une participation \u00e0 la vie de la cit\u00e9 ! Les conseillers vous informent sur les activit\u00e9s culturelles, sportives...","og_url":"https:\/\/missionlocaleduchinonais.fr\/index.php\/citoyennete-2\/","og_site_name":"Mission Locale du Chinonais","article_modified_time":"2019-05-10T12:11:27+00:00","twitter_card":"summary_large_image","twitter_misc":{"Dur\u00e9e de lecture estim\u00e9e":"4 minutes"},"schema":{"@context":"https:\/\/schema.org","@graph":[{"@type":"WebPage","@id":"https:\/\/missionlocaleduchinonais.fr\/index.php\/citoyennete-2\/","url":"https:\/\/missionlocaleduchinonais.fr\/index.php\/citoyennete-2\/","name":"Parlons de Citoyennet\u00e9 - Mission Locale du Chinonais","isPartOf":{"@id":"https:\/\/missionlocaleduchinonais.fr\/#website"},"datePublished":"2019-04-09T12:15:24+00:00","dateModified":"2019-05-10T12:11:27+00:00","description":"La citoyennet\u00e9 se d\u00e9finit comme une participation \u00e0 la vie de la cit\u00e9 ! Les conseillers vous informent sur les activit\u00e9s culturelles, sportives...","breadcrumb":{"@id":"https:\/\/missionlocaleduchinonais.fr\/index.php\/citoyennete-2\/#breadcrumb"},"inLanguage":"fr-FR","potentialAction":[{"@type":"ReadAction","target":["https:\/\/missionlocaleduchinonais.fr\/index.php\/citoyennete-2\/"]}]},{"@type":"BreadcrumbList","@id":"https:\/\/missionlocaleduchinonais.fr\/index.php\/citoyennete-2\/#breadcrumb","itemListElement":[{"@type":"ListItem","position":1,"name":"Accueil","item":"https:\/\/missionlocaleduchinonais.fr\/"},{"@type":"ListItem","position":2,"name":"Citoyennet\u00e9"}]},{"@type":"WebSite","@id":"https:\/\/missionlocaleduchinonais.fr\/#website","url":"https:\/\/missionlocaleduchinonais.fr\/","name":"Mission Locale du Chinonais","description":"Mission Locale du Chinonais","potentialAction":[{"@type":"SearchAction","target":{"@type":"EntryPoint","urlTemplate":"https:\/\/missionlocaleduchinonais.fr\/?s={search_term_string}"},"query-input":{"@type":"PropertyValueSpecification","valueRequired":true,"valueName":"search_term_string"}}],"inLanguage":"fr-FR"}]}},"_links":{"self":[{"href":"https:\/\/missionlocaleduchinonais.fr\/index.php\/wp-json\/wp\/v2\/pages\/1207","targetHints":{"allow":["GET"]}}],"collection":[{"href":"https:\/\/missionlocaleduchinonais.fr\/index.php\/wp-json\/wp\/v2\/pages"}],"about":[{"href":"https:\/\/missionlocaleduchinonais.fr\/index.php\/wp-json\/wp\/v2\/types\/page"}],"author":[{"embeddable":true,"href":"https:\/\/missionlocaleduchinonais.fr\/index.php\/wp-json\/wp\/v2\/users\/1"}],"replies":[{"embeddable":true,"href":"https:\/\/missionlocaleduchinonais.fr\/index.php\/wp-json\/wp\/v2\/comments?post=1207"}],"version-history":[{"count":11,"href":"https:\/\/missionlocaleduchinonais.fr\/index.php\/wp-json\/wp\/v2\/pages\/1207\/revisions"}],"predecessor-version":[{"id":1505,"href":"https:\/\/missionlocaleduchinonais.fr\/index.php\/wp-json\/wp\/v2\/pages\/1207\/revisions\/1505"}],"wp:attachment":[{"href":"https:\/\/missionlocaleduchinonais.fr\/index.php\/wp-json\/wp\/v2\/media?parent=1207"}],"curies":[{"name":"wp","href":"https:\/\/api.w.org\/{rel}","templated":true}]}}