{"id":27,"date":"2018-10-19T12:29:55","date_gmt":"2018-10-19T10:29:55","guid":{"rendered":"http:\/\/missionlocaleduchinonais.fr\/?page_id=27"},"modified":"2025-06-11T14:32:08","modified_gmt":"2025-06-11T12:32:08","slug":"politique-de-confidentialite","status":"publish","type":"page","link":"https:\/\/missionlocaleduchinonais.fr\/index.php\/politique-de-confidentialite\/","title":{"rendered":"Politique de confidentialit\u00e9"},"content":{"rendered":"<p>[et_pb_section fb_built=\u00a0\u00bb1&Prime; fullwidth=\u00a0\u00bbon\u00a0\u00bb _builder_version=\u00a0\u00bb4.16&Prime; global_colors_info=\u00a0\u00bb{}\u00a0\u00bb][\/et_pb_section][et_pb_section fb_built=\u00a0\u00bb1&Prime; _builder_version=\u00a0\u00bb4.16&Prime; use_background_color_gradient=\u00a0\u00bbon\u00a0\u00bb background_color_gradient_direction=\u00a0\u00bb137deg\u00a0\u00bb background_color_gradient_stops=\u00a0\u00bb#d60b52 0%|#ffffff 83%\u00a0\u00bb background_color_gradient_start=\u00a0\u00bb#d60b52&Prime; background_color_gradient_end=\u00a0\u00bb#ffffff\u00a0\u00bb background_color_gradient_end_position=\u00a0\u00bb83%\u00a0\u00bb global_colors_info=\u00a0\u00bb{}\u00a0\u00bb][et_pb_row _builder_version=\u00a0\u00bb4.16&Prime; background_size=\u00a0\u00bbinitial\u00a0\u00bb background_position=\u00a0\u00bbtop_left\u00a0\u00bb background_repeat=\u00a0\u00bbrepeat\u00a0\u00bb custom_padding=\u00a0\u00bb16px|0px|9px|0px|false|false\u00a0\u00bb global_colors_info=\u00a0\u00bb{}\u00a0\u00bb][et_pb_column type=\u00a0\u00bb4_4&Prime; _builder_version=\u00a0\u00bb4.16&Prime; custom_padding=\u00a0\u00bb|||\u00a0\u00bb global_colors_info=\u00a0\u00bb{}\u00a0\u00bb custom_padding__hover=\u00a0\u00bb|||\u00a0\u00bb][et_pb_text _builder_version=\u00a0\u00bb4.16&Prime; header_font=\u00a0\u00bbAndika|700|||||||\u00a0\u00bb header_font_size=\u00a0\u00bb40px\u00a0\u00bb global_colors_info=\u00a0\u00bb{}\u00a0\u00bb]<\/p>\n<h1><span style=\"color: #ffffff;\">Politique de confidentialit\u00e9 &#038; Mentions l\u00e9gales<\/span><\/h1>\n<p>[\/et_pb_text][\/et_pb_column][\/et_pb_row][\/et_pb_section][et_pb_section fb_built=\u00a0\u00bb1&Prime; _builder_version=\u00a0\u00bb4.16&Prime; background_color=\u00a0\u00bb#ffffff\u00a0\u00bb global_colors_info=\u00a0\u00bb{}\u00a0\u00bb][et_pb_row _builder_version=\u00a0\u00bb4.16&Prime; background_size=\u00a0\u00bbinitial\u00a0\u00bb background_position=\u00a0\u00bbtop_left\u00a0\u00bb background_repeat=\u00a0\u00bbrepeat\u00a0\u00bb global_colors_info=\u00a0\u00bb{}\u00a0\u00bb][et_pb_column type=\u00a0\u00bb4_4&Prime; _builder_version=\u00a0\u00bb4.16&Prime; custom_padding=\u00a0\u00bb|||\u00a0\u00bb global_colors_info=\u00a0\u00bb{}\u00a0\u00bb custom_padding__hover=\u00a0\u00bb|||\u00a0\u00bb][et_pb_text _builder_version=\u00a0\u00bb4.16&Prime; global_colors_info=\u00a0\u00bb{}\u00a0\u00bb]<\/p>\n<h2 class=\"entry-title main_title\"><span style=\"color: #d60b52;\"><\/span><\/h2>\n<h2 class=\"entry-title main_title\"><span style=\"color: #d60b52;\">Qui sommes-nous ?<\/span><\/h2>\n<div class=\"entry-content\">\n<p>L\u2019adresse de notre site Web est : <a href=\"https:\/\/missionlocaleduchinonais.fr\">https:\/\/missionlocaleduchinonais.fr<\/a><\/p>\n<p>Site cr\u00e9e par\u00a0<a href=\"https:\/\/www.imagin49.fr\/\">www.imagin49.fr<\/a> en 2019.<\/p>\n<h3><\/h3>\n<h3><span style=\"color: #d60b52;\">Directeur de publication :<\/span><\/h3>\n<p>Mission Locale du Chinonais<br \/>23 Avenue Gambetta<br \/>37500 CHINON<br \/>02.47.93.30.40<br \/>direction@mlchinonais.fr<\/p>\n<p>&nbsp;<\/p>\n<h3><span style=\"color: #d60b52;\">H\u00e9bergement :<\/span><\/h3>\n<p>OVH<br \/>SAS au capital de 10 000 000 \u20ac<br \/>RCS Roubaix \u2013 Tourcoing 424 761 419 00045<br \/>Code APE 6202A<br \/>N\u00b0 TVA : FR 22 424 761 419<br \/>Si\u00e8ge social : 2 rue Kellermann \u2013 59100 Roubaix \u2013 France.<\/p>\n<p>&nbsp;<\/p>\n<h2><span style=\"color: #d60b52;\">Propri\u00e9t\u00e9 intellectuelle<\/span><\/h2>\n<p>Le site https:\/\/missionlocaleduchinonais.fr\/est prot\u00e9g\u00e9 par les lois en vigueur sur la propri\u00e9t\u00e9 intellectuelle et le droit d\u2019auteur.<\/p>\n<p>Les images sont issues des banques d\u2019images <a href=\"https:\/\/pixabay.com\/fr\/\" target=\"_blank\" rel=\"noopener noreferrer\">https:\/\/pixabay.com\/fr<\/a>et <a href=\"https:\/\/jeshoots.com\/\" target=\"_blank\" rel=\"noopener noreferrer\">https:\/\/jeshoots.com<\/a><\/p>\n<h2><span style=\"color: #d60b52;\"><\/span><\/h2>\n<h2><span style=\"color: #d60b52;\">Utilisation des donn\u00e9es personnelles collect\u00e9es<\/span><\/h2>\n<p>\u00a0<span style=\"font-size: 14px;\">Le site https:\/\/missionlocaleduchinonais.fr\/ peut \u00eatre amen\u00e9 \u00e0 demander \u00e0 l\u2019internaute de laisser ses coordonn\u00e9es pour le formulaire de contact. Le caract\u00e8re obligatoire des informations recueillies par l\u2019interm\u00e9diaire du formulaire est signal\u00e9.<\/span><\/p>\n<p>&nbsp;<\/p>\n<h3><span style=\"color: #d60b52;\">Commentaires<\/span><\/h3>\n<p>Quand vous laissez un commentaire sur notre site web, les donn\u00e9es inscrites dans le formulaire de commentaire, mais aussi votre adresse IP et l\u2019agent utilisateur de votre navigateur sont collect\u00e9s pour nous aider \u00e0 la d\u00e9tection des commentaires ind\u00e9sirables.<\/p>\n<p>Une cha\u00eene anonymis\u00e9e cr\u00e9\u00e9e \u00e0 partir de votre adresse de messagerie (\u00e9galement appel\u00e9e hash) peut \u00eatre envoy\u00e9e au service Gravatar pour v\u00e9rifier si vous utilisez ce dernier. Les clauses de confidentialit\u00e9 du service Gravatar sont disponibles ici\u00a0: https:\/\/automattic.com\/privacy\/. Apr\u00e8s validation de votre commentaire, votre photo de profil sera visible publiquement \u00e0 cot\u00e9 de votre commentaire.<\/p>\n<p>&nbsp;<\/p>\n<h3><span style=\"color: #d60b52;\">M\u00e9dias<\/span><\/h3>\n<p>Si vous \u00eates un utilisateur ou une utilisatrice enregistr\u00e9\u00b7e et que vous t\u00e9l\u00e9versez des images sur le site web, nous vous conseillons d\u2019\u00e9viter de t\u00e9l\u00e9verser des images contenant des donn\u00e9es EXIF de coordonn\u00e9es GPS. Les visiteurs de votre site web peuvent t\u00e9l\u00e9charger et extraire des donn\u00e9es de localisation depuis ces images.<\/p>\n<p>&nbsp;<\/p>\n<h3><span style=\"color: #d60b52;\">Cookies<\/span><\/h3>\n<p>L\u2019internaute est inform\u00e9 que lors de ses visites sur le site, un cookie peut s\u2019installer automatiquement sur son logiciel de navigation.<\/p>\n<p>En naviguant sur le site, il les accepte.<\/p>\n<p>Un cookie est un \u00e9l\u00e9ment qui ne permet pas d\u2019identifier l\u2019internaute mais qui sert \u00e0 enregistrer des informations relatives \u00e0 la navigation de celui-ci sur le site Internet. L\u2019internaute pourra d\u00e9sactiver ce cookie par l\u2019interm\u00e9diaire des param\u00e8tres figurant au sein de son logiciel de navigation.<\/p>\n<p>Les cookies utilis\u00e9s sur notre site sont destin\u00e9s\u00a0\u00e0\u00a0:<\/p>\n<ul>\n<li>Assurer le param\u00e9trage, les mises \u00e0 jour et l\u2019am\u00e9lioration des fonctionnalit\u00e9s de notre site, le bon fonctionnement et la s\u00e9curit\u00e9 de votre navigation, l\u2019affichage du bandeau d\u2019information sur la pr\u00e9sence de cookies et la possibilit\u00e9 pour vous de les g\u00e9rer.<\/li>\n<li>Nous permettre d\u2019obtenir des statistiques d\u2019affluence et de\u00a0performance de la navigation sur notre site afin de pouvoir en adapter et en am\u00e9liorer le contenu.<\/li>\n<li>Afficher et utiliser des liens de partage vers les r\u00e9seaux sociaux \u00e0 des fins professionnelles (lien entre la publication des actualit\u00e9s et blogs de notre site avec nos r\u00e9seaux sociaux, ou partage d\u2019avis par nos lecteurs).<\/li>\n<\/ul>\n<p>Si vous souhaitez intervenir \u00e0 tout moment sur le consentement que vous avez donn\u00e9 initialement, merci de nous adresser votre demande via notre formulaire de contact.<\/p>\n<p>&nbsp;<\/p>\n<h3><span style=\"color: #d60b52;\">Contenu embarqu\u00e9 depuis d\u2019autres sites<\/span><\/h3>\n<p>Les articles de ce site peuvent inclure des contenus int\u00e9gr\u00e9s (par exemple des vid\u00e9os, images, articles\u2026). Le contenu int\u00e9gr\u00e9 depuis d\u2019autres sites se comporte de la m\u00eame mani\u00e8re que si le visiteur se rendait sur cet autre site.<\/p>\n<p>Ces sites web pourraient collecter des donn\u00e9es sur vous, utiliser des cookies, embarquer des outils de suivis tiers, suivre vos interactions avec ces contenus embarqu\u00e9s si vous disposez d\u2019un compte connect\u00e9 sur leur site web.<\/p>\n<p>Nous vous invitons \u00e0 consulter la politique de gestion de ces cookies aupr\u00e8s de ces sites web afin d\u2019en conna\u00eetre les finalit\u00e9s d\u2019utilisation et de savoir comment exercer vos choix aupr\u00e8s d\u2019eux notamment en param\u00e9trant vos comptes utilisateurs.<\/p>\n<p>&nbsp;<\/p>\n<p>&nbsp;<\/p>\n<h2><span style=\"color: #d60b52;\">Dur\u00e9es de stockage de vos donn\u00e9es<\/span><\/h2>\n<p>Pour les utilisateurs et utilisatrices qui s\u2019enregistrent sur notre site (si cela est possible), nous stockons \u00e9galement les donn\u00e9es personnelles indiqu\u00e9es dans leur profil. Tous les utilisateurs et utilisatrices peuvent voir, modifier ou supprimer leurs informations personnelles \u00e0 tout moment (\u00e0 l\u2019exception de leur nom d\u2019utilisateur\u00b7ice). Les gestionnaires du site peuvent aussi voir et modifier ces informations.<\/p>\n<p>&nbsp;<\/p>\n<h2><span style=\"color: #d60b52;\">Les droits que vous avez sur vos donn\u00e9es<\/span><\/h2>\n<p>En application de l\u2019article 27 de la loi Informatique et Libert\u00e9s en date du 6 janvier 1978, vous disposez par ailleurs d\u2019un droit d\u2019acc\u00e8s, de rectification, de modification et de suppression concernant les donn\u00e9es qui vous concernent.Cela ne prend pas en compte les donn\u00e9es stock\u00e9es \u00e0 des fins administratives, l\u00e9gales ou pour des raisons de s\u00e9curit\u00e9.<\/p>\n<p>&nbsp;<\/p>\n<p>Vous pouvez exercer ce droit en envoyant un email (lien) au webmestre. Il vous est \u00e9galement possible de nous envoyer un courrier \u00e0 l\u2019adresse suivante :<\/p>\n<p>23 Avenue Gambetta 37500 CHINON<\/p>\n<h2><span style=\"color: #d60b52;\">Transmission de vos donn\u00e9es personnelles<\/span><\/h2>\n<p>Les commentaires des visiteurs peuvent \u00eatre v\u00e9rifi\u00e9s \u00e0 l\u2019aide d\u2019un service automatis\u00e9 de d\u00e9tection des commentaires ind\u00e9sirables.<\/p>\n<p>&nbsp;<\/p>\n<h2><span style=\"color: #d60b52;\">Informations suppl\u00e9mentaires<\/span><\/h2>\n<p>&nbsp;<\/p>\n<p>Pour plus d\u2019information sur les cookies, l\u2019Utilisateur peut se rendre sur le site de la CNIL, \u00e0 cette adresse\u00a0:\u00a0<a href=\"http:\/\/www.cnil.fr\/vos-droits\/vos-traces\/les-cookies\/\">http:\/\/www.cnil.fr\/vos-droits\/vos-traces\/les-cookies\/<\/a><\/p>\n<\/div>\n<p>[\/et_pb_text][\/et_pb_column][\/et_pb_row][et_pb_row _builder_version=\u00a0\u00bb4.16&Prime; background_size=\u00a0\u00bbinitial\u00a0\u00bb background_position=\u00a0\u00bbtop_left\u00a0\u00bb background_repeat=\u00a0\u00bbrepeat\u00a0\u00bb global_colors_info=\u00a0\u00bb{}\u00a0\u00bb][et_pb_column type=\u00a0\u00bb4_4&Prime; _builder_version=\u00a0\u00bb4.16&Prime; custom_padding=\u00a0\u00bb|||\u00a0\u00bb global_colors_info=\u00a0\u00bb{}\u00a0\u00bb custom_padding__hover=\u00a0\u00bb|||\u00a0\u00bb][et_pb_button button_url=\u00a0\u00bbhttps:\/\/missionlocaleduchinonais.fr\/\u00a0\u00bb button_text=\u00a0\u00bbAccueil\u00a0\u00bb button_alignment=\u00a0\u00bbright\u00a0\u00bb _builder_version=\u00a0\u00bb4.16&Prime; global_colors_info=\u00a0\u00bb{}\u00a0\u00bb][\/et_pb_button][\/et_pb_column][\/et_pb_row][\/et_pb_section]<\/p>\n","protected":false},"excerpt":{"rendered":"<p>Politique de confidentialit\u00e9 &#038; Mentions l\u00e9gales Qui sommes-nous ? L\u2019adresse de notre site Web est : https:\/\/missionlocaleduchinonais.fr Site cr\u00e9e par\u00a0www.imagin49.fr en 2019. Directeur de publication : Mission Locale du Chinonais23 Avenue Gambetta37500 CHINON02.47.93.30.40direction@mlchinonais.fr &nbsp; H\u00e9bergement : OVHSAS au capital de 10 000 000 \u20acRCS Roubaix \u2013 Tourcoing 424 761 419 00045Code APE 6202AN\u00b0 TVA : [&hellip;]<\/p>\n","protected":false},"author":1,"featured_media":0,"parent":0,"menu_order":10,"comment_status":"closed","ping_status":"closed","template":"","meta":{"_et_pb_use_builder":"on","_et_pb_old_content":"<h2>Qui sommes-nous\u00a0?<\/h2>\r\nL\u2019adresse de notre site Web est\u00a0: http:\/\/missionlocaleduchinonais.fr.\r\n<h2>Utilisation des donn\u00e9es personnelles collect\u00e9es<\/h2>\r\n<h3>Commentaires<\/h3>\r\nQuand vous laissez un commentaire sur notre site web, les donn\u00e9es inscrites dans le formulaire de commentaire, mais aussi votre adresse IP et l\u2019agent utilisateur de votre navigateur sont collect\u00e9s pour nous aider \u00e0 la d\u00e9tection des commentaires ind\u00e9sirables.\r\n\r\nUne cha\u00eene anonymis\u00e9e cr\u00e9\u00e9e \u00e0 partir de votre adresse de messagerie (\u00e9galement appel\u00e9e hash) peut \u00eatre envoy\u00e9e au service Gravatar pour v\u00e9rifier si vous utilisez ce dernier. Les clauses de confidentialit\u00e9 du service Gravatar sont disponibles ici\u00a0: https:\/\/automattic.com\/privacy\/. Apr\u00e8s validation de votre commentaire, votre photo de profil sera visible publiquement \u00e0 cot\u00e9 de votre commentaire.\r\n<h3>M\u00e9dias<\/h3>\r\nSi vous \u00eates un utilisateur ou une utilisatrice enregistr\u00e9\u00b7e et que vous t\u00e9l\u00e9versez des images sur le site web, nous vous conseillons d\u2019\u00e9viter de t\u00e9l\u00e9verser des images contenant des donn\u00e9es EXIF de coordonn\u00e9es GPS. Les visiteurs de votre site web peuvent t\u00e9l\u00e9charger et extraire des donn\u00e9es de localisation depuis ces images.\r\n<h3>Formulaires de contact<\/h3>\r\n<h3>Cookies<\/h3>\r\nSi vous d\u00e9posez un commentaire sur notre site, il vous sera propos\u00e9 d\u2019enregistrer votre nom, adresse de messagerie et site web dans des cookies. C\u2019est uniquement pour votre confort afin de ne pas avoir \u00e0 saisir ces informations si vous d\u00e9posez un autre commentaire plus tard. Ces cookies expirent au bout d\u2019un an.\r\n\r\nSi vous avez un compte et que vous vous connectez sur ce site, un cookie temporaire sera cr\u00e9\u00e9 afin de d\u00e9terminer si votre navigateur accepte les cookies. Il ne contient pas de donn\u00e9es personnelles et sera supprim\u00e9 automatiquement \u00e0 la fermeture de votre navigateur.\r\n\r\nLorsque vous vous connecterez, nous mettrons en place un certain nombre de cookies pour enregistrer vos informations de connexion et vos pr\u00e9f\u00e9rences d\u2019\u00e9cran. La dur\u00e9e de vie d\u2019un cookie de connexion est de deux jours, celle d\u2019un cookie d\u2019option d\u2019\u00e9cran est d\u2019un an. Si vous cochez \u00ab\u00a0Se souvenir de moi\u00a0\u00bb, votre cookie de connexion sera conserv\u00e9 pendant deux semaines. Si vous vous d\u00e9connectez de votre compte, le cookie de connexion sera effac\u00e9.\r\n\r\nEn modifiant ou en publiant une publication, un cookie suppl\u00e9mentaire sera enregistr\u00e9 dans votre navigateur. Ce cookie ne comprend aucune donn\u00e9e personnelle. Il indique simplement l\u2019ID de la publication que vous venez de modifier. Il expire au bout d\u2019un jour.\r\n<h3>Contenu embarqu\u00e9 depuis d\u2019autres sites<\/h3>\r\nLes articles de ce site peuvent inclure des contenus int\u00e9gr\u00e9s (par exemple des vid\u00e9os, images, articles\u2026). Le contenu int\u00e9gr\u00e9 depuis d\u2019autres sites se comporte de la m\u00eame mani\u00e8re que si le visiteur se rendait sur cet autre site.\r\n\r\nCes sites web pourraient collecter des donn\u00e9es sur vous, utiliser des cookies, embarquer des outils de suivis tiers, suivre vos interactions avec ces contenus embarqu\u00e9s si vous disposez d\u2019un compte connect\u00e9 sur leur site web.\r\n<h3>Statistiques et mesures d\u2019audience<\/h3>\r\n<h2>Utilisation et transmission de vos donn\u00e9es personnelles<\/h2>\r\n<h2>Dur\u00e9es de stockage de vos donn\u00e9es<\/h2>\r\nSi vous laissez un commentaire, le commentaire et ses m\u00e9tadonn\u00e9es sont conserv\u00e9s ind\u00e9finiment. Cela permet de reconna\u00eetre et approuver automatiquement les commentaires suivants au lieu de les laisser dans la file de mod\u00e9ration.\r\n\r\nPour les utilisateurs et utilisatrices qui s\u2019enregistrent sur notre site (si cela est possible), nous stockons \u00e9galement les donn\u00e9es personnelles indiqu\u00e9es dans leur profil. Tous les utilisateurs et utilisatrices peuvent voir, modifier ou supprimer leurs informations personnelles \u00e0 tout moment (\u00e0 l\u2019exception de leur nom d\u2019utilisateur\u00b7ice). Les gestionnaires du site peuvent aussi voir et modifier ces informations.\r\n<h2>Les droits que vous avez sur vos donn\u00e9es<\/h2>\r\nSi vous avez un compte ou si vous avez laiss\u00e9 des commentaires sur le site, vous pouvez demander \u00e0 recevoir un fichier contenant toutes les donn\u00e9es personnelles que nous poss\u00e9dons \u00e0 votre sujet, incluant celles que vous nous avez fournies. Vous pouvez \u00e9galement demander la suppression des donn\u00e9es personnelles vous concernant. Cela ne prend pas en compte les donn\u00e9es stock\u00e9es \u00e0 des fins administratives, l\u00e9gales ou pour des raisons de s\u00e9curit\u00e9.\r\n<h2>Transmission de vos donn\u00e9es personnelles<\/h2>\r\nLes commentaires des visiteurs peuvent \u00eatre v\u00e9rifi\u00e9s \u00e0 l\u2019aide d\u2019un service automatis\u00e9 de d\u00e9tection des commentaires ind\u00e9sirables.\r\n<h2>Informations de contact<\/h2>\r\n<h2>Informations suppl\u00e9mentaires<\/h2>\r\n<h3>Comment nous prot\u00e9geons vos donn\u00e9es<\/h3>\r\n<h3>Proc\u00e9dures mises en \u0153uvre en cas de fuite de donn\u00e9es<\/h3>\r\n<h3>Les services tiers qui nous transmettent des donn\u00e9es<\/h3>\r\n<h3>Op\u00e9rations de marketing automatis\u00e9 et\/ou de profilage r\u00e9alis\u00e9es \u00e0 l\u2019aide des donn\u00e9es personnelles<\/h3>\r\n<h3>Affichage des informations li\u00e9es aux secteurs soumis \u00e0 des r\u00e9gulations sp\u00e9cifiques<\/h3>","_et_gb_content_width":"","_exactmetrics_skip_tracking":false,"_exactmetrics_sitenote_active":false,"_exactmetrics_sitenote_note":"","_exactmetrics_sitenote_category":0,"footnotes":""},"class_list":["post-27","page","type-page","status-publish","hentry"],"yoast_head":"<!-- This site is optimized with the Yoast SEO plugin v26.6 - https:\/\/yoast.com\/wordpress\/plugins\/seo\/ -->\n<title>Politique de confidentialit\u00e9 - Mission Locale du Chinonais<\/title>\n<meta name=\"description\" content=\"La politique de confidentialit\u00e9 vous informe de la mani\u00e8re dont la Mission Locale du Chinonais utilise et prot\u00e8ge vos donn\u00e9es personnelles.\" \/>\n<meta name=\"robots\" content=\"index, follow, max-snippet:-1, max-image-preview:large, max-video-preview:-1\" \/>\n<link rel=\"canonical\" href=\"https:\/\/missionlocaleduchinonais.fr\/index.php\/politique-de-confidentialite\/\" \/>\n<meta property=\"og:locale\" content=\"fr_FR\" \/>\n<meta property=\"og:type\" content=\"article\" \/>\n<meta property=\"og:title\" content=\"Politique de confidentialit\u00e9 - Mission Locale du Chinonais\" \/>\n<meta property=\"og:description\" content=\"La politique de confidentialit\u00e9 vous informe de la mani\u00e8re dont la Mission Locale du Chinonais utilise et prot\u00e8ge vos donn\u00e9es personnelles.\" \/>\n<meta property=\"og:url\" content=\"https:\/\/missionlocaleduchinonais.fr\/index.php\/politique-de-confidentialite\/\" \/>\n<meta property=\"og:site_name\" content=\"Mission Locale du Chinonais\" \/>\n<meta property=\"article:modified_time\" content=\"2025-06-11T12:32:08+00:00\" \/>\n<meta name=\"twitter:card\" content=\"summary_large_image\" \/>\n<meta name=\"twitter:label1\" content=\"Dur\u00e9e de lecture estim\u00e9e\" \/>\n\t<meta name=\"twitter:data1\" content=\"6 minutes\" \/>\n<script type=\"application\/ld+json\" class=\"yoast-schema-graph\">{\"@context\":\"https:\/\/schema.org\",\"@graph\":[{\"@type\":\"WebPage\",\"@id\":\"https:\/\/missionlocaleduchinonais.fr\/index.php\/politique-de-confidentialite\/\",\"url\":\"https:\/\/missionlocaleduchinonais.fr\/index.php\/politique-de-confidentialite\/\",\"name\":\"Politique de confidentialit\u00e9 - Mission Locale du Chinonais\",\"isPartOf\":{\"@id\":\"https:\/\/missionlocaleduchinonais.fr\/#website\"},\"datePublished\":\"2018-10-19T10:29:55+00:00\",\"dateModified\":\"2025-06-11T12:32:08+00:00\",\"description\":\"La politique de confidentialit\u00e9 vous informe de la mani\u00e8re dont la Mission Locale du Chinonais utilise et prot\u00e8ge vos donn\u00e9es personnelles.\",\"breadcrumb\":{\"@id\":\"https:\/\/missionlocaleduchinonais.fr\/index.php\/politique-de-confidentialite\/#breadcrumb\"},\"inLanguage\":\"fr-FR\",\"potentialAction\":[{\"@type\":\"ReadAction\",\"target\":[\"https:\/\/missionlocaleduchinonais.fr\/index.php\/politique-de-confidentialite\/\"]}]},{\"@type\":\"BreadcrumbList\",\"@id\":\"https:\/\/missionlocaleduchinonais.fr\/index.php\/politique-de-confidentialite\/#breadcrumb\",\"itemListElement\":[{\"@type\":\"ListItem\",\"position\":1,\"name\":\"Accueil\",\"item\":\"https:\/\/missionlocaleduchinonais.fr\/\"},{\"@type\":\"ListItem\",\"position\":2,\"name\":\"Politique de confidentialit\u00e9\"}]},{\"@type\":\"WebSite\",\"@id\":\"https:\/\/missionlocaleduchinonais.fr\/#website\",\"url\":\"https:\/\/missionlocaleduchinonais.fr\/\",\"name\":\"Mission Locale du Chinonais\",\"description\":\"Mission Locale du Chinonais\",\"potentialAction\":[{\"@type\":\"SearchAction\",\"target\":{\"@type\":\"EntryPoint\",\"urlTemplate\":\"https:\/\/missionlocaleduchinonais.fr\/?s={search_term_string}\"},\"query-input\":{\"@type\":\"PropertyValueSpecification\",\"valueRequired\":true,\"valueName\":\"search_term_string\"}}],\"inLanguage\":\"fr-FR\"}]}<\/script>\n<!-- \/ Yoast SEO plugin. -->","yoast_head_json":{"title":"Politique de confidentialit\u00e9 - Mission Locale du Chinonais","description":"La politique de confidentialit\u00e9 vous informe de la mani\u00e8re dont la Mission Locale du Chinonais utilise et prot\u00e8ge vos donn\u00e9es personnelles.","robots":{"index":"index","follow":"follow","max-snippet":"max-snippet:-1","max-image-preview":"max-image-preview:large","max-video-preview":"max-video-preview:-1"},"canonical":"https:\/\/missionlocaleduchinonais.fr\/index.php\/politique-de-confidentialite\/","og_locale":"fr_FR","og_type":"article","og_title":"Politique de confidentialit\u00e9 - Mission Locale du Chinonais","og_description":"La politique de confidentialit\u00e9 vous informe de la mani\u00e8re dont la Mission Locale du Chinonais utilise et prot\u00e8ge vos donn\u00e9es personnelles.","og_url":"https:\/\/missionlocaleduchinonais.fr\/index.php\/politique-de-confidentialite\/","og_site_name":"Mission Locale du Chinonais","article_modified_time":"2025-06-11T12:32:08+00:00","twitter_card":"summary_large_image","twitter_misc":{"Dur\u00e9e de lecture estim\u00e9e":"6 minutes"},"schema":{"@context":"https:\/\/schema.org","@graph":[{"@type":"WebPage","@id":"https:\/\/missionlocaleduchinonais.fr\/index.php\/politique-de-confidentialite\/","url":"https:\/\/missionlocaleduchinonais.fr\/index.php\/politique-de-confidentialite\/","name":"Politique de confidentialit\u00e9 - Mission Locale du Chinonais","isPartOf":{"@id":"https:\/\/missionlocaleduchinonais.fr\/#website"},"datePublished":"2018-10-19T10:29:55+00:00","dateModified":"2025-06-11T12:32:08+00:00","description":"La politique de confidentialit\u00e9 vous informe de la mani\u00e8re dont la Mission Locale du Chinonais utilise et prot\u00e8ge vos donn\u00e9es personnelles.","breadcrumb":{"@id":"https:\/\/missionlocaleduchinonais.fr\/index.php\/politique-de-confidentialite\/#breadcrumb"},"inLanguage":"fr-FR","potentialAction":[{"@type":"ReadAction","target":["https:\/\/missionlocaleduchinonais.fr\/index.php\/politique-de-confidentialite\/"]}]},{"@type":"BreadcrumbList","@id":"https:\/\/missionlocaleduchinonais.fr\/index.php\/politique-de-confidentialite\/#breadcrumb","itemListElement":[{"@type":"ListItem","position":1,"name":"Accueil","item":"https:\/\/missionlocaleduchinonais.fr\/"},{"@type":"ListItem","position":2,"name":"Politique de confidentialit\u00e9"}]},{"@type":"WebSite","@id":"https:\/\/missionlocaleduchinonais.fr\/#website","url":"https:\/\/missionlocaleduchinonais.fr\/","name":"Mission Locale du Chinonais","description":"Mission Locale du Chinonais","potentialAction":[{"@type":"SearchAction","target":{"@type":"EntryPoint","urlTemplate":"https:\/\/missionlocaleduchinonais.fr\/?s={search_term_string}"},"query-input":{"@type":"PropertyValueSpecification","valueRequired":true,"valueName":"search_term_string"}}],"inLanguage":"fr-FR"}]}},"_links":{"self":[{"href":"https:\/\/missionlocaleduchinonais.fr\/index.php\/wp-json\/wp\/v2\/pages\/27","targetHints":{"allow":["GET"]}}],"collection":[{"href":"https:\/\/missionlocaleduchinonais.fr\/index.php\/wp-json\/wp\/v2\/pages"}],"about":[{"href":"https:\/\/missionlocaleduchinonais.fr\/index.php\/wp-json\/wp\/v2\/types\/page"}],"author":[{"embeddable":true,"href":"https:\/\/missionlocaleduchinonais.fr\/index.php\/wp-json\/wp\/v2\/users\/1"}],"replies":[{"embeddable":true,"href":"https:\/\/missionlocaleduchinonais.fr\/index.php\/wp-json\/wp\/v2\/comments?post=27"}],"version-history":[{"count":12,"href":"https:\/\/missionlocaleduchinonais.fr\/index.php\/wp-json\/wp\/v2\/pages\/27\/revisions"}],"predecessor-version":[{"id":2501,"href":"https:\/\/missionlocaleduchinonais.fr\/index.php\/wp-json\/wp\/v2\/pages\/27\/revisions\/2501"}],"wp:attachment":[{"href":"https:\/\/missionlocaleduchinonais.fr\/index.php\/wp-json\/wp\/v2\/media?parent=27"}],"curies":[{"name":"wp","href":"https:\/\/api.w.org\/{rel}","templated":true}]}}